{"id":30,"date":"2020-06-17T11:58:00","date_gmt":"2020-06-17T09:58:00","guid":{"rendered":"http:\/\/hw.it-business.org\/?page_id=30"},"modified":"2022-10-26T03:18:32","modified_gmt":"2022-10-26T01:18:32","slug":"startseite","status":"publish","type":"page","link":"https:\/\/dih-immo.de\/","title":{"rendered":"Home"},"content":{"rendered":"\n<figure class=\"wp-block-gallery has-nested-images columns-default is-cropped wp-block-gallery-1 is-layout-flex wp-block-gallery-is-layout-flex\">\n<figure class=\"wp-block-image size-large\"><img loading=\"lazy\" decoding=\"async\" width=\"1218\" height=\"684\" data-id=\"1120\" src=\"https:\/\/www.dih-immo.de\/wp-content\/uploads\/2020\/10\/Unbenannt.png\" alt=\"\" class=\"wp-image-1120\" srcset=\"https:\/\/dih-immo.de\/wp-content\/uploads\/2020\/10\/Unbenannt.png 1218w, https:\/\/dih-immo.de\/wp-content\/uploads\/2020\/10\/Unbenannt-300x168.png 300w, https:\/\/dih-immo.de\/wp-content\/uploads\/2020\/10\/Unbenannt-1024x575.png 1024w, https:\/\/dih-immo.de\/wp-content\/uploads\/2020\/10\/Unbenannt-768x431.png 768w\" sizes=\"(max-width: 1218px) 100vw, 1218px\" \/><\/figure>\n\n\n\n<figure class=\"wp-block-image size-large\"><img loading=\"lazy\" decoding=\"async\" width=\"1920\" height=\"1091\" data-id=\"1119\" src=\"https:\/\/www.dih-immo.de\/wp-content\/uploads\/2020\/10\/kitchen-living-room-4043091_1920.jpg\" alt=\"\" class=\"wp-image-1119\" srcset=\"https:\/\/dih-immo.de\/wp-content\/uploads\/2020\/10\/kitchen-living-room-4043091_1920.jpg 1920w, https:\/\/dih-immo.de\/wp-content\/uploads\/2020\/10\/kitchen-living-room-4043091_1920-300x170.jpg 300w, https:\/\/dih-immo.de\/wp-content\/uploads\/2020\/10\/kitchen-living-room-4043091_1920-1024x582.jpg 1024w, https:\/\/dih-immo.de\/wp-content\/uploads\/2020\/10\/kitchen-living-room-4043091_1920-768x436.jpg 768w, https:\/\/dih-immo.de\/wp-content\/uploads\/2020\/10\/kitchen-living-room-4043091_1920-1536x873.jpg 1536w\" sizes=\"(max-width: 1920px) 100vw, 1920px\" \/><\/figure>\n\n\n\n<figure class=\"wp-block-image size-large\"><img loading=\"lazy\" decoding=\"async\" width=\"1920\" height=\"960\" data-id=\"1077\" src=\"https:\/\/www.dih-immo.de\/wp-content\/uploads\/2020\/10\/city-2278497_1920.jpg\" alt=\"\" class=\"wp-image-1077\" srcset=\"https:\/\/dih-immo.de\/wp-content\/uploads\/2020\/10\/city-2278497_1920.jpg 1920w, https:\/\/dih-immo.de\/wp-content\/uploads\/2020\/10\/city-2278497_1920-300x150.jpg 300w, https:\/\/dih-immo.de\/wp-content\/uploads\/2020\/10\/city-2278497_1920-1024x512.jpg 1024w, https:\/\/dih-immo.de\/wp-content\/uploads\/2020\/10\/city-2278497_1920-768x384.jpg 768w, https:\/\/dih-immo.de\/wp-content\/uploads\/2020\/10\/city-2278497_1920-1536x768.jpg 1536w, https:\/\/dih-immo.de\/wp-content\/uploads\/2020\/10\/city-2278497_1920-800x400.jpg 800w\" sizes=\"(max-width: 1920px) 100vw, 1920px\" \/><\/figure>\n<\/figure>\n\n\n\n<h2 class=\"has-text-align-center has-responsive-container-background-color-color has-text-color wp-block-heading\" id=\"h-ihr-ansprechpartner-f-r-immobilien\">Ihr Ansprechpartner f\u00fcr <br>Immobilien<\/h2>\n\n\n\n<div style=\"height:40px\" aria-hidden=\"true\" class=\"wp-block-spacer\"><\/div>\n\n\n\n<hr class=\"wp-block-separator has-text-color has-button-color-color has-css-opacity has-button-color-background-color has-background is-style-default\"\/>\n\n\n\n<h2 class=\"has-text-align-center wp-block-heading\" id=\"h-unsere-leistungen\">unsere Leistungen<\/h2>\n\n\n\n<div style=\"height:29px\" aria-hidden=\"true\" class=\"wp-block-spacer\"><\/div>\n\n\n\n<div class=\"wp-block-columns is-layout-flex wp-container-core-columns-is-layout-1 wp-block-columns-is-layout-flex\">\n<div class=\"wp-block-column is-layout-flow wp-block-column-is-layout-flow\">\n<p class=\"has-text-align-center has-very-light-gray-color has-text-color has-background\" style=\"background-color:#254967\"><a href=\"https:\/\/www.dih-immo.de\/?page_id=1110#\/list1\">Kaufangebote <\/a><\/p>\n<\/div>\n\n\n\n<div class=\"wp-block-column is-layout-flow wp-block-column-is-layout-flow\">\n<p class=\"has-text-align-center has-very-light-gray-color has-text-color has-background\" style=\"background-color:#254967\"><a href=\"https:\/\/www.dih-immo.de\/?page_id=466#\/list1\">Mietangebote<\/a><\/p>\n<\/div>\n\n\n\n<div class=\"wp-block-column is-layout-flow wp-block-column-is-layout-flow\">\n<p class=\"has-text-align-center has-very-light-gray-color has-text-color has-background\" style=\"background-color:#254967\"><a href=\"https:\/\/www.dih-immo.de\/?page_id=997\">Ankauf<\/a><\/p>\n<\/div>\n<\/div>\n\n\n\n<div class=\"wp-block-columns is-layout-flex wp-container-core-columns-is-layout-2 wp-block-columns-is-layout-flex\">\n<div class=\"wp-block-column is-layout-flow wp-block-column-is-layout-flow\">\n<p class=\"has-text-align-center has-very-light-gray-color has-text-color has-background\" style=\"background-color:#254967\"><a href=\"https:\/\/www.dih-immo.de\/?page_id=202\">Kontakte<\/a><\/p>\n<\/div>\n\n\n\n<div class=\"wp-block-column is-layout-flow wp-block-column-is-layout-flow\"><\/div>\n\n\n\n<div class=\"wp-block-column is-layout-flow wp-block-column-is-layout-flow\">\n<p class=\"has-text-align-center has-very-light-gray-color has-text-color has-background\" style=\"background-color:#254967\"><a href=\"https:\/\/www.dih-immo.de\/?page_id=15\">\u00dcber Uns<\/a><\/p>\n<\/div>\n<\/div>\n\n\n\n<p class=\"has-text-align-center has-text-color has-normal-font-size\" style=\"color:#000000\">Sie finden nicht Ihre gew\u00fcnschte Dienstleistung? Da dies nur ein Auszug ist, bitten wir Sie um eine <strong><a href=\"https:\/\/www.dih-immo.de\/?page_id=202\">Kontaktaufnahme<\/a><\/strong> f\u00fcr weitere Informationen<\/p>\n\n\n\n<div style=\"height:32px\" aria-hidden=\"true\" class=\"wp-block-spacer\"><\/div>\n\n\n<p>[mpsl slider5ee9e4eecb3da]<\/p>\n\n\n\n<hr class=\"wp-block-separator has-css-opacity\"\/>\n\n\n\n<div style=\"height:78px\" aria-hidden=\"true\" class=\"wp-block-spacer\"><\/div>\n\n\n\n<p><\/p>\n","protected":false},"excerpt":{"rendered":"<p>Ihr Ansprechpartner f\u00fcr Immobilien unsere Leistungen Kaufangebote Mietangebote Ankauf Kontakte \u00dcber Uns Sie finden nicht Ihre gew\u00fcnschte Dienstleistung? Da dies [&hellip;]<\/p>\n","protected":false},"author":1,"featured_media":0,"parent":0,"menu_order":0,"comment_status":"closed","ping_status":"closed","template":"","meta":{"footnotes":""},"class_list":["post-30","page","type-page","status-publish","hentry"],"_links":{"self":[{"href":"https:\/\/dih-immo.de\/index.php?rest_route=\/wp\/v2\/pages\/30"}],"collection":[{"href":"https:\/\/dih-immo.de\/index.php?rest_route=\/wp\/v2\/pages"}],"about":[{"href":"https:\/\/dih-immo.de\/index.php?rest_route=\/wp\/v2\/types\/page"}],"author":[{"embeddable":true,"href":"https:\/\/dih-immo.de\/index.php?rest_route=\/wp\/v2\/users\/1"}],"replies":[{"embeddable":true,"href":"https:\/\/dih-immo.de\/index.php?rest_route=%2Fwp%2Fv2%2Fcomments&post=30"}],"version-history":[{"count":142,"href":"https:\/\/dih-immo.de\/index.php?rest_route=\/wp\/v2\/pages\/30\/revisions"}],"predecessor-version":[{"id":1296,"href":"https:\/\/dih-immo.de\/index.php?rest_route=\/wp\/v2\/pages\/30\/revisions\/1296"}],"wp:attachment":[{"href":"https:\/\/dih-immo.de\/index.php?rest_route=%2Fwp%2Fv2%2Fmedia&parent=30"}],"curies":[{"name":"wp","href":"https:\/\/api.w.org\/{rel}","templated":true}]}}