{"id":15,"date":"2020-06-17T11:29:52","date_gmt":"2020-06-17T09:29:52","guid":{"rendered":"http:\/\/hw.it-business.org\/?page_id=15"},"modified":"2020-11-12T10:50:30","modified_gmt":"2020-11-12T09:50:30","slug":"ueber-uns","status":"publish","type":"page","link":"https:\/\/dih-immo.de\/?page_id=15","title":{"rendered":"\u00dcber uns"},"content":{"rendered":"\n<div class=\"wp-block-columns is-layout-flex wp-container-core-columns-is-layout-1 wp-block-columns-is-layout-flex\">\n<div class=\"wp-block-column is-layout-flow wp-block-column-is-layout-flow\">\n<p class=\"has-normal-font-size\"><strong>Gr\u00fcndung<\/strong><\/p>\n\n\n\n<p class=\"has-text-align-left\" style=\"font-size:14px\">Unsere \u00fcber 30-j\u00e4hrige Erfahrung sichert Ihnen Fachkompetenz in allen Fragen der Immobilienberatung.<br>Hochqualifizierte Mitarbeiter und kundenorientierte Objektbearbeitung sowie modernste B\u00fcrosoftware gew\u00e4hrleisten&nbsp;professionelle Immobilienvermarktung.<br>Als anerkanntes regionales Immobilienunternehmen bieten wir Ihnen von der Objektbewertung bis zum Vertragsabschluss ein umfassendes Serviceangebot.<br>&nbsp;<br>Unser Anspruch:&nbsp; Ihre Zufriedenheit.<br>&nbsp;<br><strong>Dirr&nbsp;&nbsp;&nbsp; Immobilien GmbH<\/strong><br><\/p>\n<\/div>\n\n\n\n<div class=\"wp-block-column is-layout-flow wp-block-column-is-layout-flow\">\n<div class=\"wp-block-image\"><figure class=\"aligncenter size-large is-resized\"><img loading=\"lazy\" decoding=\"async\" src=\"https:\/\/www.dih-immo.de\/wp-content\/uploads\/2020\/10\/200_054f47eb6acb4de687ec59a25f1eedb0.jpg\" alt=\"\" class=\"wp-image-966\" width=\"269\" height=\"256\"\/><\/figure><\/div>\n<\/div>\n<\/div>\n","protected":false},"excerpt":{"rendered":"<p>Gr\u00fcndung Unsere \u00fcber 30-j\u00e4hrige Erfahrung sichert Ihnen Fachkompetenz in allen Fragen der Immobilienberatung.Hochqualifizierte Mitarbeiter und kundenorientierte Objektbearbeitung sowie modernste B\u00fcrosoftware [&hellip;]<\/p>\n","protected":false},"author":1,"featured_media":0,"parent":0,"menu_order":0,"comment_status":"closed","ping_status":"closed","template":"","meta":{"footnotes":""},"class_list":["post-15","page","type-page","status-publish","hentry"],"_links":{"self":[{"href":"https:\/\/dih-immo.de\/index.php?rest_route=\/wp\/v2\/pages\/15"}],"collection":[{"href":"https:\/\/dih-immo.de\/index.php?rest_route=\/wp\/v2\/pages"}],"about":[{"href":"https:\/\/dih-immo.de\/index.php?rest_route=\/wp\/v2\/types\/page"}],"author":[{"embeddable":true,"href":"https:\/\/dih-immo.de\/index.php?rest_route=\/wp\/v2\/users\/1"}],"replies":[{"embeddable":true,"href":"https:\/\/dih-immo.de\/index.php?rest_route=%2Fwp%2Fv2%2Fcomments&post=15"}],"version-history":[{"count":17,"href":"https:\/\/dih-immo.de\/index.php?rest_route=\/wp\/v2\/pages\/15\/revisions"}],"predecessor-version":[{"id":1283,"href":"https:\/\/dih-immo.de\/index.php?rest_route=\/wp\/v2\/pages\/15\/revisions\/1283"}],"wp:attachment":[{"href":"https:\/\/dih-immo.de\/index.php?rest_route=%2Fwp%2Fv2%2Fmedia&parent=15"}],"curies":[{"name":"wp","href":"https:\/\/api.w.org\/{rel}","templated":true}]}}