{"id":126,"date":"2020-06-17T15:20:01","date_gmt":"2020-06-17T13:20:01","guid":{"rendered":"http:\/\/hw.it-business.org\/?page_id=126"},"modified":"2022-05-28T10:21:35","modified_gmt":"2022-05-28T08:21:35","slug":"datenschutz","status":"publish","type":"page","link":"https:\/\/dih-immo.de\/?page_id=126","title":{"rendered":"Datenschutz"},"content":{"rendered":"\n<h3 class=\"wp-block-heading\" id=\"h-datenschutzerkl-rung\">Datenschutzerkl\u00e4rung<\/h3>\n\n\n\n<p>Der Schutz Ihrer Privatsph\u00e4re ist unser wichtigstes Anliegen. Deshalb bitten wir Sie eindringlich, die nachfolgende Zusammenfassung \u00fcber die Funktionsweise unserer Webseite&nbsp;<a href=\"https:\/\/www.dih-immo.de\/\">www.dih-immo.de<\/a>&nbsp;aufmerksam zu lesen.<\/p>\n\n\n\n<p>Die hier pr\u00e4sentierte Datenschutzerkl\u00e4rung entspricht den Richtlinien der DSGVO und des BDSG. Sie soll \u00fcber die Art, den Zweck und die Verwendung personenbezogener Daten durch den Websitebetreiber&nbsp;<em>Dirr Immobilien GmbH<\/em>&nbsp;informieren.<\/p>\n\n\n\n<p>Obwohl unsere Seite mit verschieden Schutzvorkehrungen ausgestattet ist, kann keine vollst\u00e4ndige Sicherheit Ihrer Daten garantiert werden, da Sicherheitsl\u00fccken im Internet nicht ausgeschlossen werden k\u00f6nnen. Sollten Sie Anliegen bzgl. Ihrer Daten haben, finden Sie am Ende der Datenschutzerkl\u00e4rung entsprechende Kontaktdaten f\u00fcr Anfragen aller Art.<\/p>\n\n\n\n<h3 class=\"wp-block-heading\" id=\"h-personenbezogene-daten\">Personenbezogene Daten<\/h3>\n\n\n\n<p>Die Funktionalit\u00e4t unserer Dienstleistungen ist auf die Daten unserer Nutzer angewiesen. Dabei sind personenbezogene Daten besonders sensibel \u2013 damit sind s\u00e4mzliche Informationen gemeint, welche sich eindeutig auf eine bestimmte, nat\u00fcrliche Person zur\u00fcckf\u00fchren lassen. Laut DSGVO besteht f\u00fcr uns die Verpflichtung, den gesamten Umfang aller derartigen Daten aufzulisten.<\/p>\n\n\n\n<p>Durch die Nutzung unserer Seite werden folgende personenbezogene Daten nach DSGVO erhoben:<\/p>\n\n\n\n<ul class=\"wp-block-list\"><li>Firma<\/li><li>Vor- und Zuname<\/li><li>Anschrift<\/li><li>E-Mail Adresse<\/li><li>Telefonnummer<\/li><\/ul>\n\n\n\n<p>Diese Daten fallen nur an, wenn Sie das Kontaktformular benutzen.<\/p>\n\n\n\n<h3 class=\"wp-block-heading\" id=\"h-erfassung-allgemeiner-informationen\">Erfassung allgemeiner Informationen<\/h3>\n\n\n\n<p>Wenn Sie auf unsere Webseite zugreifen, werden automatisch Informationen allgemeiner Natur erfasst. Diese Informationen (Server-Logfiles) beinhalten etwa die Art des Webbrowsers, das verwendete Betriebssystem, den Domainnamen Ihres Internet Service Providers und \u00c4hnliches. Hierbei handelt es sich ausschlie\u00dflich um Informationen, welche keine R\u00fcckschl\u00fcsse auf Ihre Person zulassen. Diese Informationen sind technisch notwendig, um von Ihnen angeforderte Inhalte von Webseiten korrekt auszuliefern und fallen bei Nutzung des Internets zwingend an. Anonyme Informationen dieser Art werden von uns statistisch ausgewertet, um unseren Internetauftritt und die dahinter stehende Technik zu optimieren.<\/p>\n\n\n\n<h3 class=\"wp-block-heading\" id=\"h-ihre-rechte\">Ihre Rechte<\/h3>\n\n\n\n<p>Selbstverst\u00e4ndlich haben Sie in Bezug auf die Erhebung Ihrer Daten Rechte. Laut geltendem Gesetz sind wir dazu verpflichtet, Sie \u00fcber dieselben aufzukl\u00e4ren. Die Inanspruchnahme und Durchf\u00fchrung dieser Rechte ist f\u00fcr Sie kostenlos.<\/p>\n\n\n\n<p><strong>Widerrufsrecht<\/strong><\/p>\n\n\n\n<p>Sie haben das Recht, Ihre Einwilligung bzgl. der Erhebung von Daten jederzeit zu widerrufen. Dieses Recht gilt mit Wirkung f\u00fcr die Zukunft; die bis zur Rechtkraft des Widerrufs erhobenen Daten bleiben hiervon unber\u00fchrt.<\/p>\n\n\n\n<p><strong>Recht auf Daten\u00fcbertragbarkeit<\/strong><br>Sie haben das Recht, eine \u00dcbertragung Ihrer Daten von uns auf eine andere Stelle zu beantragen.<\/p>\n\n\n\n<p><strong>Auskunftsrecht<\/strong><br>Sie haben das Recht, von uns eine Best\u00e4tigung zu verlangen, ob und wie wir personenbezogene Daten von Ihnen beziehen. Dieses Recht ist durch die vorliegende Datenschutzerkl\u00e4rung realisiert. Zus\u00e4tzlich k\u00f6nnen Sie bei Unklarheiten eine elektronische Auskunft anfordern.<\/p>\n\n\n\n<p><strong>Recht auf Berichtigung, L\u00f6schung oder Sperrung<\/strong><br>Sie haben das Recht, Ihre Daten berichtigen, l\u00f6schen oder sperren zu lassen. Letzteres kommt zur Anwendung, wenn die gesetzliche Lage eine L\u00f6schung nicht zul\u00e4sst.<\/p>\n\n\n\n<p><strong>Beschwerderecht<\/strong><br>Sie haben das Recht, sich bei einer Aufsichtsbeh\u00f6rde bzw. einer zust\u00e4ndigen Stelle zu beschweren, insofern Sie einen Grund zur Beanstandung haben sollten. F\u00fcr die Inanspruchnahme dieses Rechts und der zwei vorher genannten wenden Sie sich bitte an die am Ende dieser Datenschutzerkl\u00e4rung aufgef\u00fchrten Kontaktpersonen.<\/p>\n\n\n\n<h3 class=\"wp-block-heading\" id=\"h-nderung-unserer-datenschutzbestimmungen\">\u00c4nderung unserer Datenschutzbestimmungen<\/h3>\n\n\n\n<p>Wir behalten uns vor, diese Datenschutzerkl\u00e4rung gelegentlich anzupassen, damit sie stets den aktuellen rechtlichen Anforderungen entspricht oder um \u00c4nderungen unserer Leistungen in der Datenschutzerkl\u00e4rung umzusetzen, z. B. bei der Einf\u00fchrung neuer Dienstleistungen. F\u00fcr Ihren Besuch gilt die z. Z. aktuelle Version der Datenschutzerkl\u00e4rung.<\/p>\n\n\n\n<h3 class=\"wp-block-heading\" id=\"h-verantwortlich-f-r-die-datenerhebung\"><strong>Verantwortlich f\u00fcr die Datenerhebung<\/strong><\/h3>\n\n\n\n<p>F\u00fcr Fragen, Antr\u00e4ge, Beschwerden oder Kritik hinsichtlich unseres Datenschutzes k\u00f6nnen Sie sich an folgende Stelle wenden:<\/p>\n\n\n\n<p>Dirr Immobilien GmbH<br>Sperlingstr. 6<br>85051 Ingolstadt<br>E-Mail: info@dih-immo.de<br>Telefon: +49 (0) 841 773 65<br><\/p>\n\n\n\n<p>Gesch\u00e4ftsf\u00fchrer: Herr Harry Dirr<br>Amtsgericht Ingolstadt HRB 2936<\/p>\n\n\n\n<p>Stand Mai 2022<\/p>\n","protected":false},"excerpt":{"rendered":"<p>Datenschutzerkl\u00e4rung Der Schutz Ihrer Privatsph\u00e4re ist unser wichtigstes Anliegen. Deshalb bitten wir Sie eindringlich, die nachfolgende Zusammenfassung \u00fcber die Funktionsweise [&hellip;]<\/p>\n","protected":false},"author":1,"featured_media":0,"parent":0,"menu_order":0,"comment_status":"closed","ping_status":"closed","template":"","meta":{"footnotes":""},"class_list":["post-126","page","type-page","status-publish","hentry"],"_links":{"self":[{"href":"https:\/\/dih-immo.de\/index.php?rest_route=\/wp\/v2\/pages\/126"}],"collection":[{"href":"https:\/\/dih-immo.de\/index.php?rest_route=\/wp\/v2\/pages"}],"about":[{"href":"https:\/\/dih-immo.de\/index.php?rest_route=\/wp\/v2\/types\/page"}],"author":[{"embeddable":true,"href":"https:\/\/dih-immo.de\/index.php?rest_route=\/wp\/v2\/users\/1"}],"replies":[{"embeddable":true,"href":"https:\/\/dih-immo.de\/index.php?rest_route=%2Fwp%2Fv2%2Fcomments&post=126"}],"version-history":[{"count":9,"href":"https:\/\/dih-immo.de\/index.php?rest_route=\/wp\/v2\/pages\/126\/revisions"}],"predecessor-version":[{"id":1287,"href":"https:\/\/dih-immo.de\/index.php?rest_route=\/wp\/v2\/pages\/126\/revisions\/1287"}],"wp:attachment":[{"href":"https:\/\/dih-immo.de\/index.php?rest_route=%2Fwp%2Fv2%2Fmedia&parent=126"}],"curies":[{"name":"wp","href":"https:\/\/api.w.org\/{rel}","templated":true}]}}